{"id":120,"date":"2022-05-17T14:57:24","date_gmt":"2022-05-17T17:57:24","guid":{"rendered":"https:\/\/demosites.royal-elementor-addons.com\/digital-marketing-agency-v1\/?page_id=120"},"modified":"2023-02-27T13:49:12","modified_gmt":"2023-02-27T16:49:12","slug":"blog","status":"publish","type":"page","link":"https:\/\/cjpnet.com.br\/br\/blog\/","title":{"rendered":"Blog"},"content":{"rendered":"\t\t<div data-elementor-type=\"wp-page\" data-elementor-id=\"120\" class=\"elementor elementor-120\">\n\t\t\t\t\t\t<section class=\"elementor-section elementor-top-section elementor-element elementor-element-ca09dca elementor-section-height-min-height elementor-section-boxed elementor-section-height-default elementor-section-items-middle wpr-particle-no wpr-jarallax-no wpr-parallax-no wpr-sticky-section-no wpr-equal-height-no\" data-id=\"ca09dca\" data-element_type=\"section\" data-e-type=\"section\" data-settings=\"{&quot;background_background&quot;:&quot;classic&quot;}\">\n\t\t\t\t\t\t<div class=\"elementor-container elementor-column-gap-default\">\n\t\t\t\t\t<div class=\"elementor-column elementor-col-100 elementor-top-column elementor-element elementor-element-1004b7a\" data-id=\"1004b7a\" data-element_type=\"column\" data-e-type=\"column\">\n\t\t\t<div class=\"elementor-widget-wrap elementor-element-populated\">\n\t\t\t\t\t\t<div class=\"elementor-element elementor-element-0e6d81a elementor-widget elementor-widget-heading\" data-id=\"0e6d81a\" data-element_type=\"widget\" data-e-type=\"widget\" data-widget_type=\"heading.default\">\n\t\t\t\t<div class=\"elementor-widget-container\">\n\t\t\t\t\t<h2 class=\"elementor-heading-title elementor-size-default\">Blogs<\/h2>\t\t\t\t<\/div>\n\t\t\t\t<\/div>\n\t\t\t\t\t<\/div>\n\t\t<\/div>\n\t\t\t\t\t<\/div>\n\t\t<\/section>\n\t\t\t\t<section class=\"elementor-section elementor-top-section elementor-element elementor-element-b6a042f elementor-section-boxed elementor-section-height-default elementor-section-height-default wpr-particle-no wpr-jarallax-no wpr-parallax-no wpr-sticky-section-no wpr-equal-height-no\" data-id=\"b6a042f\" data-element_type=\"section\" data-e-type=\"section\">\n\t\t\t\t\t\t<div class=\"elementor-container elementor-column-gap-default\">\n\t\t\t\t\t<div class=\"elementor-column elementor-col-100 elementor-top-column elementor-element elementor-element-cfa1904\" data-id=\"cfa1904\" data-element_type=\"column\" data-e-type=\"column\">\n\t\t\t<div class=\"elementor-widget-wrap elementor-element-populated\">\n\t\t\t\t\t\t<div class=\"elementor-element elementor-element-b3cfd7d elementor-widget elementor-widget-wpr-magazine-grid\" data-id=\"b3cfd7d\" data-element_type=\"widget\" data-e-type=\"widget\" data-widget_type=\"wpr-magazine-grid.default\">\n\t\t\t\t<div class=\"elementor-widget-container\">\n\t\t\t\t\t<div class=\"wpr-magazine-grid-wrap\"  data-slide-effect=\"\"><section class=\"wpr-magazine-grid wpr-mgzn-grid-1-1-3 wpr-mgzn-grid-rows-1\"><article class=\"wpr-mgzn-grid-item elementor-clearfix post-1649 post type-post status-publish format-standard has-post-thumbnail hentry category-blog\"><div class=\"wpr-grid-item-inner\"><div class=\"wpr-grid-media-wrap\" data-overlay-link=\"yes\"><div class=\"wpr-grid-image-wrap\" data-src=\"https:\/\/cjpnet.com.br\/br\/wp-content\/uploads\/2023\/02\/EDI.jpg\" style=\"background-image: url(https:\/\/cjpnet.com.br\/br\/wp-content\/uploads\/2023\/02\/EDI.jpg)\"><\/div><div class=\"wpr-grid-media-hover wpr-animation-wrap\"><div class=\"wpr-grid-media-hover-bg  wpr-overlay-fade-out wpr-anim-size-medium wpr-anim-timing-ease-default wpr-anim-transparency\" data-url=\"https:\/\/cjpnet.com.br\/br\/o-que-e-edi-van\/\"><\/div><div class=\"wpr-grid-media-hover-bottom elementor-clearfix\"><div class=\"wpr-grid-item-category elementor-repeater-item-ffb6c31 wpr-grid-item-display-block wpr-grid-item-align-left wpr-pointer-none wpr-pointer-line-fx wpr-pointer-fx-fade wpr-grid-tax-style-1\"><div class=\"inner-block\"><a class=\" wpr-tax-id-14\" href=\"https:\/\/cjpnet.com.br\/br\/category\/blog\/\">Blog<\/a><\/div><\/div><h2 class=\"wpr-grid-item-title elementor-repeater-item-2b56d2c wpr-grid-item-display-block wpr-grid-item-align-left wpr-pointer-none wpr-pointer-line-fx wpr-pointer-fx-fade\"><div class=\"inner-block\"><a  target=\"_self\"  href=\"https:\/\/cjpnet.com.br\/br\/o-que-e-edi-van\/\">O Que \u00e9 EDI &#038; VAN ?<\/a><\/div><\/h2><\/div><\/div><\/div><\/div><\/article><article class=\"wpr-mgzn-grid-item elementor-clearfix post-1637 post type-post status-publish format-standard has-post-thumbnail hentry category-blog\"><div class=\"wpr-grid-item-inner\"><div class=\"wpr-grid-media-wrap\" data-overlay-link=\"yes\"><div class=\"wpr-grid-image-wrap\" data-src=\"https:\/\/cjpnet.com.br\/br\/wp-content\/uploads\/2023\/02\/n_41363_2eeb9064f7f5b2569912cbb772a96438.jpg\" style=\"background-image: url(https:\/\/cjpnet.com.br\/br\/wp-content\/uploads\/2023\/02\/n_41363_2eeb9064f7f5b2569912cbb772a96438.jpg)\"><\/div><div class=\"wpr-grid-media-hover wpr-animation-wrap\"><div class=\"wpr-grid-media-hover-bg  wpr-overlay-fade-out wpr-anim-size-medium wpr-anim-timing-ease-default wpr-anim-transparency\" data-url=\"https:\/\/cjpnet.com.br\/br\/o-que-e-nf-e\/\"><\/div><div class=\"wpr-grid-media-hover-bottom elementor-clearfix\"><div class=\"wpr-grid-item-category elementor-repeater-item-ffb6c31 wpr-grid-item-display-block wpr-grid-item-align-left wpr-pointer-none wpr-pointer-line-fx wpr-pointer-fx-fade wpr-grid-tax-style-1\"><div class=\"inner-block\"><a class=\" wpr-tax-id-14\" href=\"https:\/\/cjpnet.com.br\/br\/category\/blog\/\">Blog<\/a><\/div><\/div><h2 class=\"wpr-grid-item-title elementor-repeater-item-2b56d2c wpr-grid-item-display-block wpr-grid-item-align-left wpr-pointer-none wpr-pointer-line-fx wpr-pointer-fx-fade\"><div class=\"inner-block\"><a  target=\"_self\"  href=\"https:\/\/cjpnet.com.br\/br\/o-que-e-nf-e\/\">O que \u00e9 NF-e<\/a><\/div><\/h2><\/div><\/div><\/div><\/div><\/article><article class=\"wpr-mgzn-grid-item elementor-clearfix post-1196 post type-post status-publish format-standard has-post-thumbnail hentry category-noticias\"><div class=\"wpr-grid-item-inner\"><div class=\"wpr-grid-media-wrap\" data-overlay-link=\"yes\"><div class=\"wpr-grid-image-wrap\" data-src=\"https:\/\/cjpnet.com.br\/br\/wp-content\/uploads\/2022\/04\/SEG.jpg\" style=\"background-image: url(https:\/\/cjpnet.com.br\/br\/wp-content\/uploads\/2022\/04\/SEG.jpg)\"><\/div><div class=\"wpr-grid-media-hover wpr-animation-wrap\"><div class=\"wpr-grid-media-hover-bg  wpr-overlay-fade-out wpr-anim-size-medium wpr-anim-timing-ease-default wpr-anim-transparency\" data-url=\"https:\/\/cjpnet.com.br\/br\/lgpd-conheca-os-impactos-da-lei-geral-de-protecao-de-dados-nas-empresas\/\"><\/div><div class=\"wpr-grid-media-hover-bottom elementor-clearfix\"><div class=\"wpr-grid-item-category elementor-repeater-item-ffb6c31 wpr-grid-item-display-block wpr-grid-item-align-left wpr-pointer-none wpr-pointer-line-fx wpr-pointer-fx-fade wpr-grid-tax-style-1\"><div class=\"inner-block\"><a class=\" wpr-tax-id-16\" href=\"https:\/\/cjpnet.com.br\/br\/category\/noticias\/\">Not\u00edcias<\/a><\/div><\/div><h2 class=\"wpr-grid-item-title elementor-repeater-item-2b56d2c wpr-grid-item-display-block wpr-grid-item-align-left wpr-pointer-none wpr-pointer-line-fx wpr-pointer-fx-fade\"><div class=\"inner-block\"><a  target=\"_self\"  href=\"https:\/\/cjpnet.com.br\/br\/lgpd-conheca-os-impactos-da-lei-geral-de-protecao-de-dados-nas-empresas\/\">LGPD: conhe\u00e7a os impactos da lei geral de prote\u00e7\u00e3o de dados nas empresas<\/a><\/div><\/h2><\/div><\/div><\/div><\/div><\/article><article class=\"wpr-mgzn-grid-item elementor-clearfix post-1158 post type-post status-publish format-standard has-post-thumbnail hentry category-blog\"><div class=\"wpr-grid-item-inner\"><div class=\"wpr-grid-media-wrap\" data-overlay-link=\"yes\"><div class=\"wpr-grid-image-wrap\" data-src=\"https:\/\/cjpnet.com.br\/br\/wp-content\/uploads\/2022\/04\/DADOS-SEGURO.jpg\" style=\"background-image: url(https:\/\/cjpnet.com.br\/br\/wp-content\/uploads\/2022\/04\/DADOS-SEGURO.jpg)\"><\/div><div class=\"wpr-grid-media-hover wpr-animation-wrap\"><div class=\"wpr-grid-media-hover-bg  wpr-overlay-fade-out wpr-anim-size-medium wpr-anim-timing-ease-default wpr-anim-transparency\" data-url=\"https:\/\/cjpnet.com.br\/br\/7-tendencias-em-seguranca-de-dados\/\"><\/div><div class=\"wpr-grid-media-hover-bottom elementor-clearfix\"><div class=\"wpr-grid-item-category elementor-repeater-item-ffb6c31 wpr-grid-item-display-block wpr-grid-item-align-left wpr-pointer-none wpr-pointer-line-fx wpr-pointer-fx-fade wpr-grid-tax-style-1\"><div class=\"inner-block\"><a class=\" wpr-tax-id-14\" href=\"https:\/\/cjpnet.com.br\/br\/category\/blog\/\">Blog<\/a><\/div><\/div><h2 class=\"wpr-grid-item-title elementor-repeater-item-2b56d2c wpr-grid-item-display-block wpr-grid-item-align-left wpr-pointer-none wpr-pointer-line-fx wpr-pointer-fx-fade\"><div class=\"inner-block\"><a  target=\"_self\"  href=\"https:\/\/cjpnet.com.br\/br\/7-tendencias-em-seguranca-de-dados\/\">7 tend\u00eancias em seguran\u00e7a de dados<\/a><\/div><\/h2><\/div><\/div><\/div><\/div><\/article><article class=\"wpr-mgzn-grid-item elementor-clearfix post-1145 post type-post status-publish format-standard has-post-thumbnail hentry category-blog\"><div class=\"wpr-grid-item-inner\"><div class=\"wpr-grid-media-wrap\" data-overlay-link=\"yes\"><div class=\"wpr-grid-image-wrap\" data-src=\"https:\/\/cjpnet.com.br\/br\/wp-content\/uploads\/2022\/01\/rede-segura.jpg\" style=\"background-image: url(https:\/\/cjpnet.com.br\/br\/wp-content\/uploads\/2022\/01\/rede-segura.jpg)\"><\/div><div class=\"wpr-grid-media-hover wpr-animation-wrap\"><div class=\"wpr-grid-media-hover-bg  wpr-overlay-fade-out wpr-anim-size-medium wpr-anim-timing-ease-default wpr-anim-transparency\" data-url=\"https:\/\/cjpnet.com.br\/br\/como-manter-sua-rede-segura\/\"><\/div><div class=\"wpr-grid-media-hover-bottom elementor-clearfix\"><div class=\"wpr-grid-item-category elementor-repeater-item-ffb6c31 wpr-grid-item-display-block wpr-grid-item-align-left wpr-pointer-none wpr-pointer-line-fx wpr-pointer-fx-fade wpr-grid-tax-style-1\"><div class=\"inner-block\"><a class=\" wpr-tax-id-14\" href=\"https:\/\/cjpnet.com.br\/br\/category\/blog\/\">Blog<\/a><\/div><\/div><h2 class=\"wpr-grid-item-title elementor-repeater-item-2b56d2c wpr-grid-item-display-block wpr-grid-item-align-left wpr-pointer-none wpr-pointer-line-fx wpr-pointer-fx-fade\"><div class=\"inner-block\"><a  target=\"_self\"  href=\"https:\/\/cjpnet.com.br\/br\/como-manter-sua-rede-segura\/\">COMO MANTER SUA REDE SEGURA<\/a><\/div><\/h2><\/div><\/div><\/div><\/div><\/article><\/section><\/div>\t\t\t\t<\/div>\n\t\t\t\t<\/div>\n\t\t\t\t\t<\/div>\n\t\t<\/div>\n\t\t\t\t\t<\/div>\n\t\t<\/section>\n\t\t\t\t<\/div>\n\t\t","protected":false},"excerpt":{"rendered":"<p>Blogs Not\u00edcias LGPD: conhe\u00e7a os impactos da lei geral de prote\u00e7\u00e3o de dados nas empresas Blog 7 tend\u00eancias em seguran\u00e7a de dados Blog COMO MANTER SUA REDE SEGURA Not\u00edcias Quais empresas se enquadram no Simples Nacional? Blog Cloud computing<\/p>\n","protected":false},"author":1,"featured_media":0,"parent":0,"menu_order":0,"comment_status":"closed","ping_status":"closed","template":"elementor_canvas","meta":{"footnotes":""},"class_list":["post-120","page","type-page","status-publish","hentry"],"blocksy_meta":[],"_links":{"self":[{"href":"https:\/\/cjpnet.com.br\/br\/wp-json\/wp\/v2\/pages\/120","targetHints":{"allow":["GET"]}}],"collection":[{"href":"https:\/\/cjpnet.com.br\/br\/wp-json\/wp\/v2\/pages"}],"about":[{"href":"https:\/\/cjpnet.com.br\/br\/wp-json\/wp\/v2\/types\/page"}],"author":[{"embeddable":true,"href":"https:\/\/cjpnet.com.br\/br\/wp-json\/wp\/v2\/users\/1"}],"replies":[{"embeddable":true,"href":"https:\/\/cjpnet.com.br\/br\/wp-json\/wp\/v2\/comments?post=120"}],"version-history":[{"count":9,"href":"https:\/\/cjpnet.com.br\/br\/wp-json\/wp\/v2\/pages\/120\/revisions"}],"predecessor-version":[{"id":1576,"href":"https:\/\/cjpnet.com.br\/br\/wp-json\/wp\/v2\/pages\/120\/revisions\/1576"}],"wp:attachment":[{"href":"https:\/\/cjpnet.com.br\/br\/wp-json\/wp\/v2\/media?parent=120"}],"curies":[{"name":"wp","href":"https:\/\/api.w.org\/{rel}","templated":true}]}}